{"id":1553,"date":"2017-12-04T22:48:32","date_gmt":"2017-12-04T22:48:32","guid":{"rendered":"http:\/\/www.comitatoperlinate.info\/?page_id=1553"},"modified":"2019-08-10T20:34:46","modified_gmt":"2019-08-10T20:34:46","slug":"statuto-atto-costitutivo","status":"publish","type":"page","link":"https:\/\/www.comitatoperlinate.info\/index.php\/chi-siamo\/statuto-atto-costitutivo\/","title":{"rendered":"Statuto e Atto Costitutivo"},"content":{"rendered":"<p>\u00a0<\/p>\n<p>L&#8217;Assemblea Straordinaria del 5\/6\/2019\u00a0 nell\u2019ambito dell\u2019adeguamento al Codice del Terzo Settore, D.lgs. 117\/2017 ai sensi dell\u2019art. 101, comma 2, <strong>approva all\u2019unanimit\u00e0 il nuovo statuto contenente le nuove disposizioni per le organizzazioni di volontariato ai sensi degli art. 32, 33 e 34 e degli articoli correlati al Titolo II, III e IV e X del medesimo Codice del Terzo Settore, D.lgs. 117\/2017<\/strong>.<\/p>\n<p><a href=\"https:\/\/www.comitatoperlinate.info\/wp-content\/uploads\/2019\/06\/2019_Verbale-e-Statuto-timbrato-Agenzia-Entrate-11-6-2019.pdf\">Visualizza Verbale Assemblea Straordinaria e Statuto <\/a><\/p>\n<p><a href=\"https:\/\/drive.google.com\/open?id=0BwhqmWINdaUtTXBOVDdwMTBteEE\">Visualizza Atto Costitutivo dell&#8217;Associazione<\/a><\/p>\n<p><strong><span style=\"color: #ff0000;\">Con Decreto Dirigenziale, Protocollo 44433\/201 del 21\/02\/2017, si decreta che la nostra Associazione, iscritta al Registro Generale Regionale al n. MI-804 della Sezione Provinciale di Milano, acquisisce la qualifica di O.N.L.U.S. come previsto dal D.LGS 460\/97<\/span><\/strong><\/p>\n<p><a href=\"https:\/\/www.comitatoperlinate.info\/wp-content\/uploads\/2016\/03\/Decreto-Dirigenziale-Provinica-iscrizione.pdf\">Decreto Dirigenziale Provincia <\/a><\/p>\n<p>\u00a0<\/p>\n\n","protected":false},"excerpt":{"rendered":"<p>\u00a0 L&#8217;Assemblea Straordinaria del 5\/6\/2019\u00a0 nell\u2019ambito dell\u2019adeguamento al Codice del Terzo Settore, D.lgs. 117\/2017 ai sensi dell\u2019art. 101, comma 2, approva all\u2019unanimit\u00e0 il nuovo statuto contenente le nuove disposizioni per le organizzazioni di volontariato ai sensi degli art. 32, 33 e 34 e degli articoli correlati al Titolo II, III e IV e X del\u2026 <span class=\"read-more\"><a href=\"https:\/\/www.comitatoperlinate.info\/index.php\/chi-siamo\/statuto-atto-costitutivo\/\">Leggi tutto &raquo;<\/a><\/span><\/p>\n","protected":false},"author":1,"featured_media":0,"parent":20,"menu_order":3,"comment_status":"closed","ping_status":"closed","template":"","meta":{"jetpack_post_was_ever_published":false,"footnotes":""},"class_list":["post-1553","page","type-page","status-publish","hentry"],"jetpack_shortlink":"https:\/\/wp.me\/P7mGx5-p3","jetpack-related-posts":[{"id":1543,"url":"https:\/\/www.comitatoperlinate.info\/index.php\/chi-siamo\/la-nostra-storia\/","url_meta":{"origin":1553,"position":0},"title":"La nostra storia","author":"comitatoper_info","date":"04\/12\/2017","format":false,"excerpt":"In data 25 febbraio 2016, presso la sede dell\u2019 U.S.D. SPORTING L&B in Via Alfieri a Linate fraz. di Peschiera Borromeo (Mi) \u2013 si \u00e8 costituito spontaneamente un Comitato di cittadini di Linate denominato: \"Comitato per Linate\" Il 17\/11\/2016, diciannove soci fondatori hanno sottoscritto l'Atto Costitutivo e lo Statuto per\u2026","rel":"","context":"Articolo simile","block_context":{"text":"Articolo simile","link":""},"img":{"alt_text":"","src":"","width":0,"height":0},"classes":[]},{"id":2135,"url":"https:\/\/www.comitatoperlinate.info\/index.php\/privacy-policy\/","url_meta":{"origin":1553,"position":1},"title":"Privacy Policy","author":"comitatoper_info","date":"26\/01\/2019","format":false,"excerpt":"Cookie Policy La presente informativa \u00e8 resa ai sensi degli artt. 13 e 14 del Regolamento UE 2016\/ 679 (di seguito, Reg. Ue.) a coloro che hanno fornito dati personali mediante la compilazione del\u00a0form\u00a0\u201ccontatti\u201d presente nel nostro sito all\u2019indirizzo www.comitatoperlinate.info La presente informativa \u00e8 valida solo per questo sito\u00a0web\u00a0e non\u2026","rel":"","context":"Articolo simile","block_context":{"text":"Articolo simile","link":""},"img":{"alt_text":"","src":"","width":0,"height":0},"classes":[]},{"id":20,"url":"https:\/\/www.comitatoperlinate.info\/index.php\/chi-siamo\/","url_meta":{"origin":1553,"position":2},"title":"Chi siamo","author":"comitatoper_info","date":"07\/03\/2016","format":false,"excerpt":"In data 25 febbraio 2016, presso la sede dell\u2019 U.S.D. SPORTING L&B in Via Alfieri a Linate fraz. di Peschiera Borromeo (Mi) \u2013 si \u00e8 costituito spontaneamente un Comitato di cittadini di Linate denominato: \u201cComitato per Linate\u201d Finalit\u00e0 dell\u2019Associazione Il Comitato \u00e8 un ente del Terzo Settore, apartitico e senza\u2026","rel":"","context":"Articolo simile","block_context":{"text":"Articolo simile","link":""},"img":{"alt_text":"","src":"","width":0,"height":0},"classes":[]},{"id":6127,"url":"https:\/\/www.comitatoperlinate.info\/index.php\/chi-siamo\/finalita-e-attivita-deloassociazione\/","url_meta":{"origin":1553,"position":3},"title":"Finalit\u00e0 e attivit\u00e0 dell&#8217;Associazione","author":"comitatoper_info","date":"21\/02\/2025","format":false,"excerpt":"Finalit\u00e0 dell\u2019Associazione Il Comitato per Linate \u00e8 un ente del Terzo Settore, apartitico e senza scopo di lucro, con obiettivi civici, solidaristici e di utilit\u00e0 sociale. Coinvolgere i cittadini nella vita civile, politica e sociale; Assistere persone in difficolt\u00e0 nella gestione di pratiche amministrative; Promuovere la solidariet\u00e0 e il volontariato;\u2026","rel":"","context":"Articolo simile","block_context":{"text":"Articolo simile","link":""},"img":{"alt_text":"","src":"","width":0,"height":0},"classes":[]},{"id":1547,"url":"https:\/\/www.comitatoperlinate.info\/index.php\/chi-siamo\/rendiconti-finanziari\/","url_meta":{"origin":1553,"position":4},"title":"Rendiconti degli incassi e dei pagamenti","author":"comitatoper_info","date":"04\/12\/2017","format":false,"excerpt":"Anno 2024 Rendiconto per Cassa - mod. D Relazione inerente al rendiconto di cassa relativo all\u2019anno 2024 Anno 2023 Rendiconto per Cassa - mod. D Relazione inerente al rendiconto di cassa relativo all\u2019anno 2023 Anno 2022 Rendiconto per Cassa - mod. D Relazione inerente al rendiconto di cassa relativo all\u2019anno\u2026","rel":"","context":"Articolo simile","block_context":{"text":"Articolo simile","link":""},"img":{"alt_text":"","src":"","width":0,"height":0},"classes":[]},{"id":24,"url":"https:\/\/www.comitatoperlinate.info\/index.php\/chi-siamo\/contatti\/","url_meta":{"origin":1553,"position":5},"title":"Contatti","author":"comitatoper_info","date":"07\/03\/2016","format":false,"excerpt":"Comitato per Linate - ODV - Organizzazione di VolontariatoViale Rimembranze, 1820068 Linate fraz. di Peschiera BorromeoCodice Fiscale 97766600155 Per informazioni o segnalazioni scrivi a comitatoperlinate@gmail.com\u00a0\u00a0 oppure cell.\u00a0 347 1507373 \u00a0","rel":"","context":"Articolo simile","block_context":{"text":"Articolo simile","link":""},"img":{"alt_text":"","src":"","width":0,"height":0},"classes":[]}],"jetpack_sharing_enabled":true,"_links":{"self":[{"href":"https:\/\/www.comitatoperlinate.info\/index.php\/wp-json\/wp\/v2\/pages\/1553","targetHints":{"allow":["GET"]}}],"collection":[{"href":"https:\/\/www.comitatoperlinate.info\/index.php\/wp-json\/wp\/v2\/pages"}],"about":[{"href":"https:\/\/www.comitatoperlinate.info\/index.php\/wp-json\/wp\/v2\/types\/page"}],"author":[{"embeddable":true,"href":"https:\/\/www.comitatoperlinate.info\/index.php\/wp-json\/wp\/v2\/users\/1"}],"replies":[{"embeddable":true,"href":"https:\/\/www.comitatoperlinate.info\/index.php\/wp-json\/wp\/v2\/comments?post=1553"}],"version-history":[{"count":9,"href":"https:\/\/www.comitatoperlinate.info\/index.php\/wp-json\/wp\/v2\/pages\/1553\/revisions"}],"predecessor-version":[{"id":2557,"href":"https:\/\/www.comitatoperlinate.info\/index.php\/wp-json\/wp\/v2\/pages\/1553\/revisions\/2557"}],"up":[{"embeddable":true,"href":"https:\/\/www.comitatoperlinate.info\/index.php\/wp-json\/wp\/v2\/pages\/20"}],"wp:attachment":[{"href":"https:\/\/www.comitatoperlinate.info\/index.php\/wp-json\/wp\/v2\/media?parent=1553"}],"curies":[{"name":"wp","href":"https:\/\/api.w.org\/{rel}","templated":true}]}}