{"id":24,"date":"2016-03-07T22:32:46","date_gmt":"2016-03-07T22:32:46","guid":{"rendered":"http:\/\/www.comitatoperlinate.info\/?page_id=24"},"modified":"2025-12-08T11:08:25","modified_gmt":"2025-12-08T11:08:25","slug":"contatti","status":"publish","type":"page","link":"https:\/\/www.comitatoperlinate.info\/index.php\/chi-siamo\/contatti\/","title":{"rendered":"Contatti"},"content":{"rendered":"<p><strong>Comitato per Linate &#8211; ODV &#8211; Organizzazione di Volontariato<\/strong><br \/>Viale Rimembranze, 18<br \/>20068 Linate fraz. di Peschiera Borromeo<br \/>Codice Fiscale 97766600155<\/p>\n<p>Per informazioni o segnalazioni scrivi a <a href=\"mailto:comitatoperlinate@gmail.com?subject=__Richiesta%20informazioni\">comitatoperlinate@gmail.com\u00a0\u00a0 <\/a><\/p>\n<p>oppure <strong>cell.\u00a0 347 1507373<\/strong><\/p>\n<p><em>\u00a0<\/em><\/p>\n\n\n<p><\/p>\n","protected":false},"excerpt":{"rendered":"<p>Comitato per Linate &#8211; ODV &#8211; Organizzazione di VolontariatoViale Rimembranze, 1820068 Linate fraz. di Peschiera BorromeoCodice Fiscale 97766600155 Per informazioni o segnalazioni scrivi a comitatoperlinate@gmail.com\u00a0\u00a0 oppure cell.\u00a0 347 1507373 \u00a0<\/p>\n","protected":false},"author":1,"featured_media":0,"parent":20,"menu_order":1,"comment_status":"closed","ping_status":"closed","template":"","meta":{"jetpack_post_was_ever_published":false,"footnotes":""},"class_list":["post-24","page","type-page","status-publish","hentry"],"jetpack_shortlink":"https:\/\/wp.me\/P7mGx5-o","jetpack-related-posts":[{"id":1543,"url":"https:\/\/www.comitatoperlinate.info\/index.php\/chi-siamo\/la-nostra-storia\/","url_meta":{"origin":24,"position":0},"title":"La nostra storia","author":"comitatoper_info","date":"04\/12\/2017","format":false,"excerpt":"In data 25 febbraio 2016, presso la sede dell\u2019 U.S.D. SPORTING L&B in Via Alfieri a Linate fraz. di Peschiera Borromeo (Mi) \u2013 si \u00e8 costituito spontaneamente un Comitato di cittadini di Linate denominato: \"Comitato per Linate\" Il 17\/11\/2016, diciannove soci fondatori hanno sottoscritto l'Atto Costitutivo e lo Statuto per\u2026","rel":"","context":"Articolo simile","block_context":{"text":"Articolo simile","link":""},"img":{"alt_text":"","src":"","width":0,"height":0},"classes":[]},{"id":3822,"url":"https:\/\/www.comitatoperlinate.info\/index.php\/festa-di-settembre-a-linate-3-9-2022\/","url_meta":{"origin":24,"position":1},"title":"Festa di Settembre a Linate 3-9-2022","author":"comitatoper_info","date":"14\/12\/2022","format":false,"excerpt":"","rel":"","context":"Articolo simile","block_context":{"text":"Articolo simile","link":""},"img":{"alt_text":"","src":"https:\/\/i0.wp.com\/www.comitatoperlinate.info\/wp-content\/uploads\/2022\/08\/2022_Serata-Danzante-3-9-2022.jpg?resize=350%2C200&ssl=1","width":350,"height":200,"srcset":"https:\/\/i0.wp.com\/www.comitatoperlinate.info\/wp-content\/uploads\/2022\/08\/2022_Serata-Danzante-3-9-2022.jpg?resize=350%2C200&ssl=1 1x, https:\/\/i0.wp.com\/www.comitatoperlinate.info\/wp-content\/uploads\/2022\/08\/2022_Serata-Danzante-3-9-2022.jpg?resize=525%2C300&ssl=1 1.5x"},"classes":[]},{"id":2477,"url":"https:\/\/www.comitatoperlinate.info\/index.php\/chi-siamo\/vuoi-sostenerci\/","url_meta":{"origin":24,"position":2},"title":"Sostienici","author":"comitatoper_info","date":"02\/07\/2019","format":false,"excerpt":"La nostra Associazione Comitato per Linate - ODV si autofinanza con le quote associative e con contributi volontari Il tuo aiuto \u00e8 indispensabile per aiutare la crescita della nostra realt\u00e0 e per la realizzazione dei nostri progetti Puoi sostenere la nostra attivit\u00e0 con un bonifico bancario sul nostro conto corrente\u2026","rel":"","context":"Articolo simile","block_context":{"text":"Articolo simile","link":""},"img":{"alt_text":"","src":"https:\/\/i0.wp.com\/www.paypal.com\/it_IT\/i\/scr\/pixel.gif?resize=350%2C200&ssl=1","width":350,"height":200},"classes":[]},{"id":20,"url":"https:\/\/www.comitatoperlinate.info\/index.php\/chi-siamo\/","url_meta":{"origin":24,"position":3},"title":"Chi siamo","author":"comitatoper_info","date":"07\/03\/2016","format":false,"excerpt":"In data 25 febbraio 2016, presso la sede dell\u2019 U.S.D. SPORTING L&B in Via Alfieri a Linate fraz. di Peschiera Borromeo (Mi) \u2013 si \u00e8 costituito spontaneamente un Comitato di cittadini di Linate denominato: \u201cComitato per Linate\u201d Finalit\u00e0 dell\u2019Associazione Il Comitato \u00e8 un ente del Terzo Settore, apartitico e senza\u2026","rel":"","context":"Articolo simile","block_context":{"text":"Articolo simile","link":""},"img":{"alt_text":"","src":"","width":0,"height":0},"classes":[]},{"id":1185,"url":"https:\/\/www.comitatoperlinate.info\/index.php\/photogallery\/cena-solidale-organizzata-dal-circolo-la-beccaccia-linate-4-febbraio-2016\/","url_meta":{"origin":24,"position":4},"title":"Cena Solidale organizzata dal Circolo \u201cLa Beccaccia\u201d di Linate \u2013 4 Febbraio 2016","author":"comitatoper_info","date":"07\/02\/2017","format":false,"excerpt":"\u00a0","rel":"","context":"Articolo simile","block_context":{"text":"Articolo simile","link":""},"img":{"alt_text":"","src":"https:\/\/i0.wp.com\/www.comitatoperlinate.info\/wp-content\/uploads\/2017\/02\/vaersione-2-web-1024x711.jpg?resize=350%2C200","width":350,"height":200},"classes":[]},{"id":6127,"url":"https:\/\/www.comitatoperlinate.info\/index.php\/chi-siamo\/finalita-e-attivita-deloassociazione\/","url_meta":{"origin":24,"position":5},"title":"Finalit\u00e0 e attivit\u00e0 dell&#8217;Associazione","author":"comitatoper_info","date":"21\/02\/2025","format":false,"excerpt":"Finalit\u00e0 dell\u2019Associazione Il Comitato per Linate \u00e8 un ente del Terzo Settore, apartitico e senza scopo di lucro, con obiettivi civici, solidaristici e di utilit\u00e0 sociale. Coinvolgere i cittadini nella vita civile, politica e sociale; Assistere persone in difficolt\u00e0 nella gestione di pratiche amministrative; Promuovere la solidariet\u00e0 e il volontariato;\u2026","rel":"","context":"Articolo simile","block_context":{"text":"Articolo simile","link":""},"img":{"alt_text":"","src":"","width":0,"height":0},"classes":[]}],"jetpack_sharing_enabled":true,"_links":{"self":[{"href":"https:\/\/www.comitatoperlinate.info\/index.php\/wp-json\/wp\/v2\/pages\/24","targetHints":{"allow":["GET"]}}],"collection":[{"href":"https:\/\/www.comitatoperlinate.info\/index.php\/wp-json\/wp\/v2\/pages"}],"about":[{"href":"https:\/\/www.comitatoperlinate.info\/index.php\/wp-json\/wp\/v2\/types\/page"}],"author":[{"embeddable":true,"href":"https:\/\/www.comitatoperlinate.info\/index.php\/wp-json\/wp\/v2\/users\/1"}],"replies":[{"embeddable":true,"href":"https:\/\/www.comitatoperlinate.info\/index.php\/wp-json\/wp\/v2\/comments?post=24"}],"version-history":[{"count":14,"href":"https:\/\/www.comitatoperlinate.info\/index.php\/wp-json\/wp\/v2\/pages\/24\/revisions"}],"predecessor-version":[{"id":6285,"href":"https:\/\/www.comitatoperlinate.info\/index.php\/wp-json\/wp\/v2\/pages\/24\/revisions\/6285"}],"up":[{"embeddable":true,"href":"https:\/\/www.comitatoperlinate.info\/index.php\/wp-json\/wp\/v2\/pages\/20"}],"wp:attachment":[{"href":"https:\/\/www.comitatoperlinate.info\/index.php\/wp-json\/wp\/v2\/media?parent=24"}],"curies":[{"name":"wp","href":"https:\/\/api.w.org\/{rel}","templated":true}]}}