{"id":6127,"date":"2025-02-21T10:42:02","date_gmt":"2025-02-21T10:42:02","guid":{"rendered":"https:\/\/www.comitatoperlinate.info\/?page_id=6127"},"modified":"2025-02-21T12:23:56","modified_gmt":"2025-02-21T12:23:56","slug":"finalita-e-attivita-deloassociazione","status":"publish","type":"page","link":"https:\/\/www.comitatoperlinate.info\/index.php\/chi-siamo\/finalita-e-attivita-deloassociazione\/","title":{"rendered":"Finalit\u00e0 e attivit\u00e0 dell&#8217;Associazione"},"content":{"rendered":"\n<p><strong><mark style=\"background-color:#fcb900\" class=\"has-inline-color\">Finalit\u00e0 dell\u2019Associazione<\/mark><\/strong><\/p>\n\n\n\n<p style=\"font-size:14px\"><em>Il Comitato per Linate \u00e8 un ente del Terzo Settore, apartitico e senza scopo di lucro, con obiettivi civici, solidaristici e di utilit\u00e0 sociale.<\/em><\/p>\n\n\n\n<ul style=\"font-size:14px\" class=\"wp-block-list\">\n<li style=\"font-size:14px\"><em>Coinvolgere i cittadini nella vita civile, politica e sociale;<\/em><\/li>\n\n\n\n<li style=\"font-size:14px\"><em>Assistere persone in difficolt\u00e0 nella gestione di pratiche amministrative;<\/em><\/li>\n\n\n\n<li style=\"font-size:14px\"><em>Promuovere la solidariet\u00e0 e il volontariato;<\/em><\/li>\n\n\n\n<li style=\"font-size:14px\"><em>Organizzare iniziative per la tutela dell\u2019ambiente, della cultura e della salute;<\/em><\/li>\n\n\n\n<li style=\"font-size:14px\"><em>Sensibilizzare sulla coesistenza equilibrata tra sviluppo urbano e ambiente.<\/em><\/li>\n<\/ul>\n\n\n\n<p><strong><mark style=\"background-color:#fcb900\" class=\"has-inline-color\">Attivit\u00e0 principali<\/mark><\/strong><\/p>\n\n\n\n<p style=\"font-size:14px;line-height:0\"><em>L\u2019associazione opera attraverso:<\/em><\/p>\n\n\n\n<ul class=\"wp-block-list has-medium-font-size\">\n<li style=\"font-size:14px\"><em>Interventi sociali, inclusa l\u2019assistenza a persone in difficolt\u00e0;<\/em><\/li>\n\n\n\n<li style=\"font-size:14px\"><em>Tutela dell\u2019ambiente, con iniziative per il miglioramento delle condizioni ambientali;<\/em><\/li>\n\n\n\n<li style=\"font-size:14px\"><em>Azioni di beneficenza e sostegno a persone svantaggiate.<\/em><\/li>\n<\/ul>\n\n\n\n<p><strong><mark style=\"background-color:#fcb900\" class=\"has-inline-color\">Azioni specifiche<\/mark><\/strong><\/p>\n\n\n\n<p style=\"font-size:14px;line-height:0.5\"><em>L&#8217; Associazione Comitato per Linate s&#8217;impegna:<\/em><\/p>\n\n\n\n<ul style=\"font-size:14px\" class=\"wp-block-list\">\n<li><em>Gestire un centro di aggregazione e informazione per i cittadini;<\/em><\/li>\n\n\n\n<li><em>Collaborare con la Pubblica Amministrazione, fornendo proposte e supporto;<\/em><\/li>\n\n\n\n<li><em>Gestire una Biblioteca di Frazione con pi\u00f9 di 1.400 libri donati dai cittadini;<\/em><\/li>\n\n\n\n<li><em>Aiutare i cittadini nel disbrigo di pratiche online e burocratiche;<\/em><\/li>\n\n\n\n<li style=\"font-size:14px\"><em>Organizzare progetti di solidariet\u00e0, specialmente in situazioni di emergenza;<\/em><\/li>\n\n\n\n<li><em>Promuovere iniziative per migliorare l\u2019ambiente e la qualit\u00e0 della vita;<\/em><\/li>\n\n\n\n<li><em>Informare i cittadini sulle attivit\u00e0 della Pubblica Amministrazione;<\/em><\/li>\n\n\n\n<li><em>Segnalare problematiche e proporre soluzioni per i servizi pubblici.<\/em><\/li>\n<\/ul>\n\n\n\n<p><em><strong>L\u2019attivit\u00e0 dell\u2019associazione si basa prevalentemente sul volontariato<\/strong><\/em><\/p>\n\n\n\n<p class=\"has-medium-font-size\"><\/p>\n\n\n\n<p><\/p>\n","protected":false},"excerpt":{"rendered":"<p>Finalit\u00e0 dell\u2019Associazione Il Comitato per Linate \u00e8 un ente del Terzo Settore, apartitico e senza scopo di lucro, con obiettivi civici, solidaristici e di utilit\u00e0 sociale. Attivit\u00e0 principali L\u2019associazione opera attraverso: Azioni specifiche L&#8217; Associazione Comitato per Linate s&#8217;impegna: L\u2019attivit\u00e0 dell\u2019associazione si basa prevalentemente sul volontariato<\/p>\n","protected":false},"author":1,"featured_media":0,"parent":20,"menu_order":3,"comment_status":"closed","ping_status":"closed","template":"","meta":{"jetpack_post_was_ever_published":false,"footnotes":""},"class_list":["post-6127","page","type-page","status-publish","hentry"],"jetpack_shortlink":"https:\/\/wp.me\/P7mGx5-1AP","jetpack-related-posts":[{"id":20,"url":"https:\/\/www.comitatoperlinate.info\/index.php\/chi-siamo\/","url_meta":{"origin":6127,"position":0},"title":"Chi siamo","author":"comitatoper_info","date":"07\/03\/2016","format":false,"excerpt":"In data 25 febbraio 2016, presso la sede dell\u2019 U.S.D. SPORTING L&B in Via Alfieri a Linate fraz. di Peschiera Borromeo (Mi) \u2013 si \u00e8 costituito spontaneamente un Comitato di cittadini di Linate denominato: \u201cComitato per Linate\u201d Finalit\u00e0 dell\u2019Associazione Il Comitato \u00e8 un ente del Terzo Settore, apartitico e senza\u2026","rel":"","context":"Articolo simile","block_context":{"text":"Articolo simile","link":""},"img":{"alt_text":"","src":"","width":0,"height":0},"classes":[]},{"id":2135,"url":"https:\/\/www.comitatoperlinate.info\/index.php\/privacy-policy\/","url_meta":{"origin":6127,"position":1},"title":"Privacy Policy","author":"comitatoper_info","date":"26\/01\/2019","format":false,"excerpt":"Cookie Policy La presente informativa \u00e8 resa ai sensi degli artt. 13 e 14 del Regolamento UE 2016\/ 679 (di seguito, Reg. Ue.) a coloro che hanno fornito dati personali mediante la compilazione del\u00a0form\u00a0\u201ccontatti\u201d presente nel nostro sito all\u2019indirizzo www.comitatoperlinate.info La presente informativa \u00e8 valida solo per questo sito\u00a0web\u00a0e non\u2026","rel":"","context":"Articolo simile","block_context":{"text":"Articolo simile","link":""},"img":{"alt_text":"","src":"","width":0,"height":0},"classes":[]},{"id":1553,"url":"https:\/\/www.comitatoperlinate.info\/index.php\/chi-siamo\/statuto-atto-costitutivo\/","url_meta":{"origin":6127,"position":2},"title":"Statuto e Atto Costitutivo","author":"comitatoper_info","date":"04\/12\/2017","format":false,"excerpt":"\u00a0 L'Assemblea Straordinaria del 5\/6\/2019\u00a0 nell\u2019ambito dell\u2019adeguamento al Codice del Terzo Settore, D.lgs. 117\/2017 ai sensi dell\u2019art. 101, comma 2, approva all\u2019unanimit\u00e0 il nuovo statuto contenente le nuove disposizioni per le organizzazioni di volontariato ai sensi degli art. 32, 33 e 34 e degli articoli correlati al Titolo II, III\u2026","rel":"","context":"Articolo simile","block_context":{"text":"Articolo simile","link":""},"img":{"alt_text":"","src":"","width":0,"height":0},"classes":[]},{"id":1543,"url":"https:\/\/www.comitatoperlinate.info\/index.php\/chi-siamo\/la-nostra-storia\/","url_meta":{"origin":6127,"position":3},"title":"La nostra storia","author":"comitatoper_info","date":"04\/12\/2017","format":false,"excerpt":"In data 25 febbraio 2016, presso la sede dell\u2019 U.S.D. SPORTING L&B in Via Alfieri a Linate fraz. di Peschiera Borromeo (Mi) \u2013 si \u00e8 costituito spontaneamente un Comitato di cittadini di Linate denominato: \"Comitato per Linate\" Il 17\/11\/2016, diciannove soci fondatori hanno sottoscritto l'Atto Costitutivo e lo Statuto per\u2026","rel":"","context":"Articolo simile","block_context":{"text":"Articolo simile","link":""},"img":{"alt_text":"","src":"","width":0,"height":0},"classes":[]},{"id":3822,"url":"https:\/\/www.comitatoperlinate.info\/index.php\/festa-di-settembre-a-linate-3-9-2022\/","url_meta":{"origin":6127,"position":4},"title":"Festa di Settembre a Linate 3-9-2022","author":"comitatoper_info","date":"14\/12\/2022","format":false,"excerpt":"","rel":"","context":"Articolo simile","block_context":{"text":"Articolo simile","link":""},"img":{"alt_text":"","src":"https:\/\/i0.wp.com\/www.comitatoperlinate.info\/wp-content\/uploads\/2022\/08\/2022_Serata-Danzante-3-9-2022.jpg?resize=350%2C200&ssl=1","width":350,"height":200,"srcset":"https:\/\/i0.wp.com\/www.comitatoperlinate.info\/wp-content\/uploads\/2022\/08\/2022_Serata-Danzante-3-9-2022.jpg?resize=350%2C200&ssl=1 1x, https:\/\/i0.wp.com\/www.comitatoperlinate.info\/wp-content\/uploads\/2022\/08\/2022_Serata-Danzante-3-9-2022.jpg?resize=525%2C300&ssl=1 1.5x"},"classes":[]},{"id":1892,"url":"https:\/\/www.comitatoperlinate.info\/index.php\/photogallery\/festa-di-primavera-al-parco-giochi\/","url_meta":{"origin":6127,"position":5},"title":"Festa di Primavera al Parco Giochi","author":"comitatoper_info","date":"21\/05\/2018","format":false,"excerpt":"","rel":"","context":"Articolo simile","block_context":{"text":"Articolo simile","link":""},"img":{"alt_text":"","src":"","width":0,"height":0},"classes":[]}],"jetpack_sharing_enabled":true,"_links":{"self":[{"href":"https:\/\/www.comitatoperlinate.info\/index.php\/wp-json\/wp\/v2\/pages\/6127","targetHints":{"allow":["GET"]}}],"collection":[{"href":"https:\/\/www.comitatoperlinate.info\/index.php\/wp-json\/wp\/v2\/pages"}],"about":[{"href":"https:\/\/www.comitatoperlinate.info\/index.php\/wp-json\/wp\/v2\/types\/page"}],"author":[{"embeddable":true,"href":"https:\/\/www.comitatoperlinate.info\/index.php\/wp-json\/wp\/v2\/users\/1"}],"replies":[{"embeddable":true,"href":"https:\/\/www.comitatoperlinate.info\/index.php\/wp-json\/wp\/v2\/comments?post=6127"}],"version-history":[{"count":15,"href":"https:\/\/www.comitatoperlinate.info\/index.php\/wp-json\/wp\/v2\/pages\/6127\/revisions"}],"predecessor-version":[{"id":6155,"href":"https:\/\/www.comitatoperlinate.info\/index.php\/wp-json\/wp\/v2\/pages\/6127\/revisions\/6155"}],"up":[{"embeddable":true,"href":"https:\/\/www.comitatoperlinate.info\/index.php\/wp-json\/wp\/v2\/pages\/20"}],"wp:attachment":[{"href":"https:\/\/www.comitatoperlinate.info\/index.php\/wp-json\/wp\/v2\/media?parent=6127"}],"curies":[{"name":"wp","href":"https:\/\/api.w.org\/{rel}","templated":true}]}}